{"id":107,"date":"2023-11-26T12:02:27","date_gmt":"2023-11-26T12:02:27","guid":{"rendered":"https:\/\/friendshipbracelet.hu\/?page_id=107"},"modified":"2023-12-17T17:12:27","modified_gmt":"2023-12-17T17:12:27","slug":"milyen-alkalomra","status":"publish","type":"page","link":"https:\/\/friendshipbracelet.hu\/en\/milyen-alkalomra\/","title":{"rendered":"For what occasion?"},"content":{"rendered":"<div data-elementor-type=\"wp-page\" data-elementor-id=\"107\" class=\"elementor elementor-107\">\n\t\t\t\t\t\t\t\t\t<header class=\"elementor-section elementor-top-section elementor-element elementor-element-6793065c elementor-section-stretched elementor-section-boxed elementor-section-height-default elementor-section-height-default\" data-id=\"6793065c\" data-element_type=\"section\" data-settings=\"{&quot;stretch_section&quot;:&quot;section-stretched&quot;}\">\n\t\t\t\t\t\t<div class=\"elementor-container elementor-column-gap-wider\">\n\t\t\t\t\t<div class=\"elementor-column elementor-col-100 elementor-top-column elementor-element elementor-element-68d734f4\" data-id=\"68d734f4\" data-element_type=\"column\">\n\t\t\t<div class=\"elementor-widget-wrap elementor-element-populated\">\n\t\t\t\t\t\t\t\t<div class=\"elementor-element elementor-element-18ad0c76 title-divider elementor-widget-divider--view-line elementor-widget elementor-widget-divider\" data-id=\"18ad0c76\" data-element_type=\"widget\" data-widget_type=\"divider.default\">\n\t\t\t\t<div class=\"elementor-widget-container\">\n\t\t\t<style>\/*! elementor - v3.18.0 - 08-12-2023 *\/\n.elementor-widget-divider{--divider-border-style:none;--divider-border-width:1px;--divider-color:#0c0d0e;--divider-icon-size:20px;--divider-element-spacing:10px;--divider-pattern-height:24px;--divider-pattern-size:20px;--divider-pattern-url:none;--divider-pattern-repeat:repeat-x}.elementor-widget-divider .elementor-divider{display:flex}.elementor-widget-divider .elementor-divider__text{font-size:15px;line-height:1;max-width:95%}.elementor-widget-divider .elementor-divider__element{margin:0 var(--divider-element-spacing);flex-shrink:0}.elementor-widget-divider .elementor-icon{font-size:var(--divider-icon-size)}.elementor-widget-divider .elementor-divider-separator{display:flex;margin:0;direction:ltr}.elementor-widget-divider--view-line_icon .elementor-divider-separator,.elementor-widget-divider--view-line_text .elementor-divider-separator{align-items:center}.elementor-widget-divider--view-line_icon .elementor-divider-separator:after,.elementor-widget-divider--view-line_icon .elementor-divider-separator:before,.elementor-widget-divider--view-line_text .elementor-divider-separator:after,.elementor-widget-divider--view-line_text .elementor-divider-separator:before{display:block;content:\"\";border-bottom:0;flex-grow:1;border-top:var(--divider-border-width) var(--divider-border-style) var(--divider-color)}.elementor-widget-divider--element-align-left .elementor-divider .elementor-divider-separator>.elementor-divider__svg:first-of-type{flex-grow:0;flex-shrink:100}.elementor-widget-divider--element-align-left .elementor-divider-separator:before{content:none}.elementor-widget-divider--element-align-left .elementor-divider__element{margin-left:0}.elementor-widget-divider--element-align-right .elementor-divider .elementor-divider-separator>.elementor-divider__svg:last-of-type{flex-grow:0;flex-shrink:100}.elementor-widget-divider--element-align-right .elementor-divider-separator:after{content:none}.elementor-widget-divider--element-align-right .elementor-divider__element{margin-right:0}.elementor-widget-divider:not(.elementor-widget-divider--view-line_text):not(.elementor-widget-divider--view-line_icon) .elementor-divider-separator{border-top:var(--divider-border-width) var(--divider-border-style) var(--divider-color)}.elementor-widget-divider--separator-type-pattern{--divider-border-style:none}.elementor-widget-divider--separator-type-pattern.elementor-widget-divider--view-line .elementor-divider-separator,.elementor-widget-divider--separator-type-pattern:not(.elementor-widget-divider--view-line) .elementor-divider-separator:after,.elementor-widget-divider--separator-type-pattern:not(.elementor-widget-divider--view-line) .elementor-divider-separator:before,.elementor-widget-divider--separator-type-pattern:not([class*=elementor-widget-divider--view]) .elementor-divider-separator{width:100%;min-height:var(--divider-pattern-height);-webkit-mask-size:var(--divider-pattern-size) 100%;mask-size:var(--divider-pattern-size) 100%;-webkit-mask-repeat:var(--divider-pattern-repeat);mask-repeat:var(--divider-pattern-repeat);background-color:var(--divider-color);-webkit-mask-image:var(--divider-pattern-url);mask-image:var(--divider-pattern-url)}.elementor-widget-divider--no-spacing{--divider-pattern-size:auto}.elementor-widget-divider--bg-round{--divider-pattern-repeat:round}.rtl .elementor-widget-divider .elementor-divider__text{direction:rtl}.e-con-inner>.elementor-widget-divider,.e-con>.elementor-widget-divider{width:var(--container-widget-width,100%);--flex-grow:var(--container-widget-flex-grow)}<\/style>\t\t<div class=\"elementor-divider\">\n\t\t\t<span class=\"elementor-divider-separator\">\n\t\t\t\t\t\t<\/span>\n\t\t<\/div>\n\t\t\t\t<\/div>\n\t\t\t\t<\/div>\n\t\t\t\t<div class=\"elementor-element elementor-element-16f98792 title-divider elementor-widget-divider--view-line elementor-widget elementor-widget-divider\" data-id=\"16f98792\" data-element_type=\"widget\" data-widget_type=\"divider.default\">\n\t\t\t\t<div class=\"elementor-widget-container\">\n\t\t\t\t\t<div class=\"elementor-divider\">\n\t\t\t<span class=\"elementor-divider-separator\">\n\t\t\t\t\t\t<\/span>\n\t\t<\/div>\n\t\t\t\t<\/div>\n\t\t\t\t<\/div>\n\t\t\t\t<div class=\"elementor-element elementor-element-2a60dc8f elementor-invisible elementor-widget elementor-widget-heading\" data-id=\"2a60dc8f\" data-element_type=\"widget\" data-settings=\"{&quot;_animation&quot;:&quot;fadeIn&quot;}\" data-widget_type=\"heading.default\">\n\t\t\t\t<div class=\"elementor-widget-container\">\n\t\t\t<style>\/*! elementor - v3.18.0 - 08-12-2023 *\/\n.elementor-heading-title{padding:0;margin:0;line-height:1}.elementor-widget-heading .elementor-heading-title[class*=elementor-size-]>a{color:inherit;font-size:inherit;line-height:inherit}.elementor-widget-heading .elementor-heading-title.elementor-size-small{font-size:15px}.elementor-widget-heading .elementor-heading-title.elementor-size-medium{font-size:19px}.elementor-widget-heading .elementor-heading-title.elementor-size-large{font-size:29px}.elementor-widget-heading .elementor-heading-title.elementor-size-xl{font-size:39px}.elementor-widget-heading .elementor-heading-title.elementor-size-xxl{font-size:59px}<\/style><h1 class=\"elementor-heading-title elementor-size-default\">For what occasions do we recommend it?<\/h1>\t\t<\/div>\n\t\t\t\t<\/div>\n\t\t\t\t<div class=\"elementor-element elementor-element-4684af80 elementor-invisible elementor-widget elementor-widget-text-editor\" data-id=\"4684af80\" data-element_type=\"widget\" data-settings=\"{&quot;_animation&quot;:&quot;fadeIn&quot;}\" data-widget_type=\"text-editor.default\">\n\t\t\t\t<div class=\"elementor-widget-container\">\n\t\t\t<style>\/*! elementor - v3.18.0 - 08-12-2023 *\/\n.elementor-widget-text-editor.elementor-drop-cap-view-stacked .elementor-drop-cap{background-color:#69727d;color:#fff}.elementor-widget-text-editor.elementor-drop-cap-view-framed .elementor-drop-cap{color:#69727d;border:3px solid;background-color:transparent}.elementor-widget-text-editor:not(.elementor-drop-cap-view-default) .elementor-drop-cap{margin-top:8px}.elementor-widget-text-editor:not(.elementor-drop-cap-view-default) .elementor-drop-cap-letter{width:1em;height:1em}.elementor-widget-text-editor .elementor-drop-cap{float:left;text-align:center;line-height:1;font-size:50px}.elementor-widget-text-editor .elementor-drop-cap-letter{display:inline-block}<\/style>\t\t\t\t<p>unique and unforgettable jewelry, which is the perfect choice for any significant occasion, where it becomes a symbol of love and commitment.<\/p>\t\t\t\t\t\t<\/div>\n\t\t\t\t<\/div>\n\t\t\t\t\t<\/div>\n\t\t<\/div>\n\t\t\t\t\t\t\t<\/div>\n\t\t<\/header>\n\t\t\t\t<section class=\"elementor-section elementor-top-section elementor-element elementor-element-483d747e elementor-section-height-min-height elementor-section-stretched elementor-section-boxed elementor-section-height-default elementor-section-items-middle\" data-id=\"483d747e\" data-element_type=\"section\" data-settings=\"{&quot;background_background&quot;:&quot;classic&quot;,&quot;stretch_section&quot;:&quot;section-stretched&quot;}\">\n\t\t\t\t\t\t\t<div class=\"elementor-background-overlay\"><\/div>\n\t\t\t\t\t\t\t<div class=\"elementor-container elementor-column-gap-wider\">\n\t\t\t\t\t<div class=\"elementor-column elementor-col-100 elementor-top-column elementor-element elementor-element-76325da4\" data-id=\"76325da4\" data-element_type=\"column\">\n\t\t\t<div class=\"elementor-widget-wrap elementor-element-populated\">\n\t\t\t\t\t\t\t\t<div class=\"elementor-element elementor-element-76760951 elementor-widget elementor-widget-spacer\" data-id=\"76760951\" data-element_type=\"widget\" data-widget_type=\"spacer.default\">\n\t\t\t\t<div class=\"elementor-widget-container\">\n\t\t\t<style>\/*! elementor - v3.18.0 - 08-12-2023 *\/\n.elementor-column .elementor-spacer-inner{height:var(--spacer-size)}.e-con{--container-widget-width:100%}.e-con-inner>.elementor-widget-spacer,.e-con>.elementor-widget-spacer{width:var(--container-widget-width,var(--spacer-size));--align-self:var(--container-widget-align-self,initial);--flex-shrink:0}.e-con-inner>.elementor-widget-spacer>.elementor-widget-container,.e-con>.elementor-widget-spacer>.elementor-widget-container{height:100%;width:100%}.e-con-inner>.elementor-widget-spacer>.elementor-widget-container>.elementor-spacer,.e-con>.elementor-widget-spacer>.elementor-widget-container>.elementor-spacer{height:100%}.e-con-inner>.elementor-widget-spacer>.elementor-widget-container>.elementor-spacer>.elementor-spacer-inner,.e-con>.elementor-widget-spacer>.elementor-widget-container>.elementor-spacer>.elementor-spacer-inner{height:var(--container-widget-height,var(--spacer-size))}.e-con-inner>.elementor-widget-spacer.elementor-widget-empty,.e-con>.elementor-widget-spacer.elementor-widget-empty{position:relative;min-height:22px;min-width:22px}.e-con-inner>.elementor-widget-spacer.elementor-widget-empty .elementor-widget-empty-icon,.e-con>.elementor-widget-spacer.elementor-widget-empty .elementor-widget-empty-icon{position:absolute;top:0;bottom:0;left:0;right:0;margin:auto;padding:0;width:22px;height:22px}<\/style>\t\t<div class=\"elementor-spacer\">\n\t\t\t<div class=\"elementor-spacer-inner\"><\/div>\n\t\t<\/div>\n\t\t\t\t<\/div>\n\t\t\t\t<\/div>\n\t\t\t\t\t<\/div>\n\t\t<\/div>\n\t\t\t\t\t\t\t<\/div>\n\t\t<\/section>\n\t\t\t\t<section class=\"elementor-section elementor-top-section elementor-element elementor-element-44e7782f elementor-section-boxed elementor-section-height-default elementor-section-height-default elementor-invisible\" data-id=\"44e7782f\" data-element_type=\"section\" data-settings=\"{&quot;animation&quot;:&quot;fadeIn&quot;,&quot;animation_delay&quot;:500}\">\n\t\t\t\t\t\t<div class=\"elementor-container elementor-column-gap-wider\">\n\t\t\t\t\t<div class=\"elementor-column elementor-col-50 elementor-top-column elementor-element elementor-element-546a28b6\" data-id=\"546a28b6\" data-element_type=\"column\">\n\t\t\t<div class=\"elementor-widget-wrap elementor-element-populated\">\n\t\t\t\t\t\t\t\t<div class=\"elementor-element elementor-element-3543985d title-divider elementor-widget-divider--view-line elementor-widget elementor-widget-divider\" data-id=\"3543985d\" data-element_type=\"widget\" data-widget_type=\"divider.default\">\n\t\t\t\t<div class=\"elementor-widget-container\">\n\t\t\t\t\t<div class=\"elementor-divider\">\n\t\t\t<span class=\"elementor-divider-separator\">\n\t\t\t\t\t\t<\/span>\n\t\t<\/div>\n\t\t\t\t<\/div>\n\t\t\t\t<\/div>\n\t\t\t\t\t<\/div>\n\t\t<\/div>\n\t\t\t\t<div class=\"elementor-column elementor-col-50 elementor-top-column elementor-element elementor-element-4afbe89f\" data-id=\"4afbe89f\" data-element_type=\"column\">\n\t\t\t<div class=\"elementor-widget-wrap elementor-element-populated\">\n\t\t\t\t\t\t\t\t<div class=\"elementor-element elementor-element-1e741028 elementor-widget elementor-widget-text-editor\" data-id=\"1e741028\" data-element_type=\"widget\" data-widget_type=\"text-editor.default\">\n\t\t\t\t<div class=\"elementor-widget-container\">\n\t\t\t\t\t\t\t<p>Choose the eternal bracelet to express your love and commitment on the following occasions:<\/p>\n<ul>\n<li>\n<p><strong>As a gift for the best mom, dad, brother, grandma, grandpa, boyfriend, girlfriend, and even your pets.<\/strong> The unique bracelet is a symbol of love and attachment.<\/p>\n<\/li>\n<li>\n<p><strong>N\u00e9vnapok \u00e9s sz\u00fclet\u00e9snapok.<\/strong> Whether it's a unique birthday surprise or name day gift, the eternal bracelet is always a special choice.<\/p>\n<\/li>\n<li>\n<p><strong>Marriage and wedding anniversary.<\/strong> An eternity bracelet is the perfect way to express a lasting and deep bond with the partner of your life.<\/p>\n<\/li>\n<li>\n<p><strong>Wedding ceremony.<\/strong> If the big day is approaching, you can highlight the moment with special jewelry. Welded on the hands as a symbol of eternal commitment.<\/p>\n<\/li>\n<li>\n<p><strong>For bachelor and bachelorette parties.<\/strong> Gift friends with a memorable and meaningful piece of jewelry so they all remember the occasion.<\/p>\n<\/li>\n<li>\n<p><strong>For any occasion when you want to surprise your loved ones with a special gift.<\/strong> The eternal bracelet always expresses eternal love and bond.<\/p>\n<\/li>\n<\/ul>\t\t\t\t\t\t<\/div>\n\t\t\t\t<\/div>\n\t\t\t\t\t<\/div>\n\t\t<\/div>\n\t\t\t\t\t\t\t<\/div>\n\t\t<\/section>\n\t\t\t\t\t\t\t<\/div>","protected":false},"excerpt":{"rendered":"<p>Milyen alkalmakra aj\u00e1nljuk? egyedi \u00e9s felejthetetlen \u00e9kszer, mely t\u00f6k\u00e9letes v\u00e1laszt\u00e1s minden jelent\u0151s alkalomra, ahol a szeretet \u00e9s elk\u00f6telezetts\u00e9g szimb\u00f3lum\u00e1v\u00e1 v\u00e1lik. V\u00e1laszd az \u00f6r\u00f6k kark\u00f6t\u0151t, hogy kifejezd szereteted \u00e9s elk\u00f6telezetts\u00e9ged a k\u00f6vetkez\u0151 alkalmakkor: Aj\u00e1nd\u00e9kk\u00e9nt a legjobb any\u00e1nak, ap\u00e1nak, testv\u00e9rnek, nagymam\u00e1nak, nagypap\u00e1nak, bar\u00e1tnak, bar\u00e1tn\u0151nek, \u00e9s m\u00e9g a h\u00e1zi\u00e1llataidnak is. Az egyedi kark\u00f6t\u0151 a szeretet \u00e9s k\u00f6t\u0151d\u00e9s szimb\u00f3luma. [&hellip;]<\/p>","protected":false},"author":1,"featured_media":0,"parent":0,"menu_order":0,"comment_status":"closed","ping_status":"closed","template":"","meta":{"footnotes":""},"class_list":["post-107","page","type-page","status-publish","hentry","entry"],"yoast_head":"<!-- This site is optimized with the Yoast SEO plugin v21.7 - https:\/\/yoast.com\/wordpress\/plugins\/seo\/ -->\n<title>Milyen alkalomra? - Friendship Bracelet<\/title>\n<meta name=\"description\" content=\"Egyedi \u00e9s felejthetetlen \u00e9kszer, mely t\u00f6k\u00e9letes v\u00e1laszt\u00e1s minden jelent\u0151s alkalomra, ahol a szeretet \u00e9s elk\u00f6telezetts\u00e9g szimb\u00f3lum\u00e1v\u00e1 v\u00e1lik.\" \/>\n<meta name=\"robots\" content=\"index, follow, max-snippet:-1, max-image-preview:large, max-video-preview:-1\" \/>\n<link rel=\"canonical\" href=\"https:\/\/friendshipbracelet.hu\/en\/milyen-alkalomra\/\" \/>\n<meta property=\"og:locale\" content=\"en_GB\" \/>\n<meta property=\"og:type\" content=\"article\" \/>\n<meta property=\"og:title\" content=\"Milyen alkalomra? - Friendship Bracelet\" \/>\n<meta property=\"og:description\" content=\"Egyedi \u00e9s felejthetetlen \u00e9kszer, mely t\u00f6k\u00e9letes v\u00e1laszt\u00e1s minden jelent\u0151s alkalomra, ahol a szeretet \u00e9s elk\u00f6telezetts\u00e9g szimb\u00f3lum\u00e1v\u00e1 v\u00e1lik.\" \/>\n<meta property=\"og:url\" content=\"https:\/\/friendshipbracelet.hu\/en\/milyen-alkalomra\/\" \/>\n<meta property=\"og:site_name\" content=\"Friendship Bracelet\" \/>\n<meta property=\"article:modified_time\" content=\"2023-12-17T17:12:27+00:00\" \/>\n<meta name=\"twitter:card\" content=\"summary_large_image\" \/>\n<meta name=\"twitter:label1\" content=\"Estimated reading time\" \/>\n\t<meta name=\"twitter:data1\" content=\"1 minute\" \/>\n<script type=\"application\/ld+json\" class=\"yoast-schema-graph\">{\"@context\":\"https:\/\/schema.org\",\"@graph\":[{\"@type\":\"WebPage\",\"@id\":\"https:\/\/friendshipbracelet.hu\/milyen-alkalomra\/\",\"url\":\"https:\/\/friendshipbracelet.hu\/milyen-alkalomra\/\",\"name\":\"Milyen alkalomra? - Friendship Bracelet\",\"isPartOf\":{\"@id\":\"https:\/\/friendshipbracelet.hu\/#website\"},\"datePublished\":\"2023-11-26T12:02:27+00:00\",\"dateModified\":\"2023-12-17T17:12:27+00:00\",\"description\":\"Egyedi \u00e9s felejthetetlen \u00e9kszer, mely t\u00f6k\u00e9letes v\u00e1laszt\u00e1s minden jelent\u0151s alkalomra, ahol a szeretet \u00e9s elk\u00f6telezetts\u00e9g szimb\u00f3lum\u00e1v\u00e1 v\u00e1lik.\",\"breadcrumb\":{\"@id\":\"https:\/\/friendshipbracelet.hu\/milyen-alkalomra\/#breadcrumb\"},\"inLanguage\":\"en-GB\",\"potentialAction\":[{\"@type\":\"ReadAction\",\"target\":[\"https:\/\/friendshipbracelet.hu\/milyen-alkalomra\/\"]}]},{\"@type\":\"BreadcrumbList\",\"@id\":\"https:\/\/friendshipbracelet.hu\/milyen-alkalomra\/#breadcrumb\",\"itemListElement\":[{\"@type\":\"ListItem\",\"position\":1,\"name\":\"Home\",\"item\":\"https:\/\/friendshipbracelet.hu\/\"},{\"@type\":\"ListItem\",\"position\":2,\"name\":\"Milyen alkalomra?\"}]},{\"@type\":\"WebSite\",\"@id\":\"https:\/\/friendshipbracelet.hu\/#website\",\"url\":\"https:\/\/friendshipbracelet.hu\/\",\"name\":\"Friendship Bracelet\",\"description\":\"\u00d6r\u00f6k kark\u00f6t\u0151\",\"potentialAction\":[{\"@type\":\"SearchAction\",\"target\":{\"@type\":\"EntryPoint\",\"urlTemplate\":\"https:\/\/friendshipbracelet.hu\/?s={search_term_string}\"},\"query-input\":\"required name=search_term_string\"}],\"inLanguage\":\"en-GB\"}]}<\/script>\n<!-- \/ Yoast SEO plugin. -->","yoast_head_json":{"title":"Milyen alkalomra? - Friendship Bracelet","description":"Egyedi \u00e9s felejthetetlen \u00e9kszer, mely t\u00f6k\u00e9letes v\u00e1laszt\u00e1s minden jelent\u0151s alkalomra, ahol a szeretet \u00e9s elk\u00f6telezetts\u00e9g szimb\u00f3lum\u00e1v\u00e1 v\u00e1lik.","robots":{"index":"index","follow":"follow","max-snippet":"max-snippet:-1","max-image-preview":"max-image-preview:large","max-video-preview":"max-video-preview:-1"},"canonical":"https:\/\/friendshipbracelet.hu\/en\/milyen-alkalomra\/","og_locale":"en_GB","og_type":"article","og_title":"Milyen alkalomra? - Friendship Bracelet","og_description":"Egyedi \u00e9s felejthetetlen \u00e9kszer, mely t\u00f6k\u00e9letes v\u00e1laszt\u00e1s minden jelent\u0151s alkalomra, ahol a szeretet \u00e9s elk\u00f6telezetts\u00e9g szimb\u00f3lum\u00e1v\u00e1 v\u00e1lik.","og_url":"https:\/\/friendshipbracelet.hu\/en\/milyen-alkalomra\/","og_site_name":"Friendship Bracelet","article_modified_time":"2023-12-17T17:12:27+00:00","twitter_card":"summary_large_image","twitter_misc":{"Estimated reading time":"1 minute"},"schema":{"@context":"https:\/\/schema.org","@graph":[{"@type":"WebPage","@id":"https:\/\/friendshipbracelet.hu\/milyen-alkalomra\/","url":"https:\/\/friendshipbracelet.hu\/milyen-alkalomra\/","name":"Milyen alkalomra? - Friendship Bracelet","isPartOf":{"@id":"https:\/\/friendshipbracelet.hu\/#website"},"datePublished":"2023-11-26T12:02:27+00:00","dateModified":"2023-12-17T17:12:27+00:00","description":"Egyedi \u00e9s felejthetetlen \u00e9kszer, mely t\u00f6k\u00e9letes v\u00e1laszt\u00e1s minden jelent\u0151s alkalomra, ahol a szeretet \u00e9s elk\u00f6telezetts\u00e9g szimb\u00f3lum\u00e1v\u00e1 v\u00e1lik.","breadcrumb":{"@id":"https:\/\/friendshipbracelet.hu\/milyen-alkalomra\/#breadcrumb"},"inLanguage":"en-GB","potentialAction":[{"@type":"ReadAction","target":["https:\/\/friendshipbracelet.hu\/milyen-alkalomra\/"]}]},{"@type":"BreadcrumbList","@id":"https:\/\/friendshipbracelet.hu\/milyen-alkalomra\/#breadcrumb","itemListElement":[{"@type":"ListItem","position":1,"name":"Home","item":"https:\/\/friendshipbracelet.hu\/"},{"@type":"ListItem","position":2,"name":"Milyen alkalomra?"}]},{"@type":"WebSite","@id":"https:\/\/friendshipbracelet.hu\/#website","url":"https:\/\/friendshipbracelet.hu\/","name":"Friendship Bracelet","description":"\u00d6r\u00f6k kark\u00f6t\u0151","potentialAction":[{"@type":"SearchAction","target":{"@type":"EntryPoint","urlTemplate":"https:\/\/friendshipbracelet.hu\/?s={search_term_string}"},"query-input":"required name=search_term_string"}],"inLanguage":"en-GB"}]}},"_links":{"self":[{"href":"https:\/\/friendshipbracelet.hu\/en\/wp-json\/wp\/v2\/pages\/107","targetHints":{"allow":["GET"]}}],"collection":[{"href":"https:\/\/friendshipbracelet.hu\/en\/wp-json\/wp\/v2\/pages"}],"about":[{"href":"https:\/\/friendshipbracelet.hu\/en\/wp-json\/wp\/v2\/types\/page"}],"author":[{"embeddable":true,"href":"https:\/\/friendshipbracelet.hu\/en\/wp-json\/wp\/v2\/users\/1"}],"replies":[{"embeddable":true,"href":"https:\/\/friendshipbracelet.hu\/en\/wp-json\/wp\/v2\/comments?post=107"}],"version-history":[{"count":32,"href":"https:\/\/friendshipbracelet.hu\/en\/wp-json\/wp\/v2\/pages\/107\/revisions"}],"predecessor-version":[{"id":682,"href":"https:\/\/friendshipbracelet.hu\/en\/wp-json\/wp\/v2\/pages\/107\/revisions\/682"}],"wp:attachment":[{"href":"https:\/\/friendshipbracelet.hu\/en\/wp-json\/wp\/v2\/media?parent=107"}],"curies":[{"name":"wp","href":"https:\/\/api.w.org\/{rel}","templated":true}]}}