{"id":109,"date":"2023-11-26T12:02:51","date_gmt":"2023-11-26T12:02:51","guid":{"rendered":"https:\/\/friendshipbracelet.hu\/?page_id=109"},"modified":"2023-12-07T21:32:03","modified_gmt":"2023-12-07T21:32:03","slug":"karkoto-gondozas","status":"publish","type":"page","link":"https:\/\/friendshipbracelet.hu\/en\/karkoto-gondozas\/","title":{"rendered":"Bracelet care"},"content":{"rendered":"<div data-elementor-type=\"wp-page\" data-elementor-id=\"109\" class=\"elementor elementor-109\">\n\t\t\t\t\t\t\t\t\t<header class=\"elementor-section elementor-top-section elementor-element elementor-element-517914c6 elementor-section-boxed elementor-section-height-default elementor-section-height-default\" data-id=\"517914c6\" data-element_type=\"section\">\n\t\t\t\t\t\t<div class=\"elementor-container elementor-column-gap-wider\">\n\t\t\t\t\t<div class=\"elementor-column elementor-col-100 elementor-top-column elementor-element elementor-element-c7e8306\" data-id=\"c7e8306\" data-element_type=\"column\">\n\t\t\t<div class=\"elementor-widget-wrap elementor-element-populated\">\n\t\t\t\t\t\t\t\t<div class=\"elementor-element elementor-element-7c03f4f0 title-divider elementor-widget-divider--view-line elementor-widget elementor-widget-divider\" data-id=\"7c03f4f0\" data-element_type=\"widget\" data-widget_type=\"divider.default\">\n\t\t\t\t<div class=\"elementor-widget-container\">\n\t\t\t<style>\/*! elementor - v3.18.0 - 08-12-2023 *\/\n.elementor-widget-divider{--divider-border-style:none;--divider-border-width:1px;--divider-color:#0c0d0e;--divider-icon-size:20px;--divider-element-spacing:10px;--divider-pattern-height:24px;--divider-pattern-size:20px;--divider-pattern-url:none;--divider-pattern-repeat:repeat-x}.elementor-widget-divider .elementor-divider{display:flex}.elementor-widget-divider .elementor-divider__text{font-size:15px;line-height:1;max-width:95%}.elementor-widget-divider .elementor-divider__element{margin:0 var(--divider-element-spacing);flex-shrink:0}.elementor-widget-divider .elementor-icon{font-size:var(--divider-icon-size)}.elementor-widget-divider .elementor-divider-separator{display:flex;margin:0;direction:ltr}.elementor-widget-divider--view-line_icon .elementor-divider-separator,.elementor-widget-divider--view-line_text .elementor-divider-separator{align-items:center}.elementor-widget-divider--view-line_icon .elementor-divider-separator:after,.elementor-widget-divider--view-line_icon .elementor-divider-separator:before,.elementor-widget-divider--view-line_text .elementor-divider-separator:after,.elementor-widget-divider--view-line_text .elementor-divider-separator:before{display:block;content:\"\";border-bottom:0;flex-grow:1;border-top:var(--divider-border-width) var(--divider-border-style) var(--divider-color)}.elementor-widget-divider--element-align-left .elementor-divider .elementor-divider-separator>.elementor-divider__svg:first-of-type{flex-grow:0;flex-shrink:100}.elementor-widget-divider--element-align-left .elementor-divider-separator:before{content:none}.elementor-widget-divider--element-align-left .elementor-divider__element{margin-left:0}.elementor-widget-divider--element-align-right .elementor-divider .elementor-divider-separator>.elementor-divider__svg:last-of-type{flex-grow:0;flex-shrink:100}.elementor-widget-divider--element-align-right .elementor-divider-separator:after{content:none}.elementor-widget-divider--element-align-right .elementor-divider__element{margin-right:0}.elementor-widget-divider:not(.elementor-widget-divider--view-line_text):not(.elementor-widget-divider--view-line_icon) .elementor-divider-separator{border-top:var(--divider-border-width) var(--divider-border-style) var(--divider-color)}.elementor-widget-divider--separator-type-pattern{--divider-border-style:none}.elementor-widget-divider--separator-type-pattern.elementor-widget-divider--view-line .elementor-divider-separator,.elementor-widget-divider--separator-type-pattern:not(.elementor-widget-divider--view-line) .elementor-divider-separator:after,.elementor-widget-divider--separator-type-pattern:not(.elementor-widget-divider--view-line) .elementor-divider-separator:before,.elementor-widget-divider--separator-type-pattern:not([class*=elementor-widget-divider--view]) .elementor-divider-separator{width:100%;min-height:var(--divider-pattern-height);-webkit-mask-size:var(--divider-pattern-size) 100%;mask-size:var(--divider-pattern-size) 100%;-webkit-mask-repeat:var(--divider-pattern-repeat);mask-repeat:var(--divider-pattern-repeat);background-color:var(--divider-color);-webkit-mask-image:var(--divider-pattern-url);mask-image:var(--divider-pattern-url)}.elementor-widget-divider--no-spacing{--divider-pattern-size:auto}.elementor-widget-divider--bg-round{--divider-pattern-repeat:round}.rtl .elementor-widget-divider .elementor-divider__text{direction:rtl}.e-con-inner>.elementor-widget-divider,.e-con>.elementor-widget-divider{width:var(--container-widget-width,100%);--flex-grow:var(--container-widget-flex-grow)}<\/style>\t\t<div class=\"elementor-divider\">\n\t\t\t<span class=\"elementor-divider-separator\">\n\t\t\t\t\t\t<\/span>\n\t\t<\/div>\n\t\t\t\t<\/div>\n\t\t\t\t<\/div>\n\t\t\t\t<div class=\"elementor-element elementor-element-3e675f41 title-divider elementor-widget-divider--view-line elementor-widget elementor-widget-divider\" data-id=\"3e675f41\" data-element_type=\"widget\" data-widget_type=\"divider.default\">\n\t\t\t\t<div class=\"elementor-widget-container\">\n\t\t\t\t\t<div class=\"elementor-divider\">\n\t\t\t<span class=\"elementor-divider-separator\">\n\t\t\t\t\t\t<\/span>\n\t\t<\/div>\n\t\t\t\t<\/div>\n\t\t\t\t<\/div>\n\t\t\t\t<div class=\"elementor-element elementor-element-3ad4e411 elementor-invisible elementor-widget elementor-widget-heading\" data-id=\"3ad4e411\" data-element_type=\"widget\" data-settings=\"{&quot;_animation&quot;:&quot;fadeIn&quot;}\" data-widget_type=\"heading.default\">\n\t\t\t\t<div class=\"elementor-widget-container\">\n\t\t\t<style>\/*! elementor - v3.18.0 - 08-12-2023 *\/\n.elementor-heading-title{padding:0;margin:0;line-height:1}.elementor-widget-heading .elementor-heading-title[class*=elementor-size-]>a{color:inherit;font-size:inherit;line-height:inherit}.elementor-widget-heading .elementor-heading-title.elementor-size-small{font-size:15px}.elementor-widget-heading .elementor-heading-title.elementor-size-medium{font-size:19px}.elementor-widget-heading .elementor-heading-title.elementor-size-large{font-size:29px}.elementor-widget-heading .elementor-heading-title.elementor-size-xl{font-size:39px}.elementor-widget-heading .elementor-heading-title.elementor-size-xxl{font-size:59px}<\/style><h1 class=\"elementor-heading-title elementor-size-default\">Bracelet Care: Preserving Eternal Beauty<\/h1>\t\t<\/div>\n\t\t\t\t<\/div>\n\t\t\t\t<div class=\"elementor-element elementor-element-31ffbabd elementor-invisible elementor-widget elementor-widget-text-editor\" data-id=\"31ffbabd\" data-element_type=\"widget\" data-settings=\"{&quot;_animation&quot;:&quot;fadeIn&quot;}\" data-widget_type=\"text-editor.default\">\n\t\t\t\t<div class=\"elementor-widget-container\">\n\t\t\t<style>\/*! elementor - v3.18.0 - 08-12-2023 *\/\n.elementor-widget-text-editor.elementor-drop-cap-view-stacked .elementor-drop-cap{background-color:#69727d;color:#fff}.elementor-widget-text-editor.elementor-drop-cap-view-framed .elementor-drop-cap{color:#69727d;border:3px solid;background-color:transparent}.elementor-widget-text-editor:not(.elementor-drop-cap-view-default) .elementor-drop-cap{margin-top:8px}.elementor-widget-text-editor:not(.elementor-drop-cap-view-default) .elementor-drop-cap-letter{width:1em;height:1em}.elementor-widget-text-editor .elementor-drop-cap{float:left;text-align:center;line-height:1;font-size:50px}.elementor-widget-text-editor .elementor-drop-cap-letter{display:inline-block}<\/style>\t\t\t\t<p>Eternal bracelets are not just jewelry, they are carriers of memories and stories. In order for the jewelry to always remain bright and spotless, it is important to follow some simple but effective care tips. Here are some practical tips to keep your bracelet intact:<\/p>\t\t\t\t\t\t<\/div>\n\t\t\t\t<\/div>\n\t\t\t\t\t<\/div>\n\t\t<\/div>\n\t\t\t\t\t\t\t<\/div>\n\t\t<\/header>\n\t\t\t\t<section class=\"elementor-section elementor-top-section elementor-element elementor-element-3c79c5ad elementor-section-height-min-height elementor-section-stretched elementor-section-boxed elementor-section-height-default elementor-section-items-middle\" data-id=\"3c79c5ad\" data-element_type=\"section\" data-settings=\"{&quot;background_background&quot;:&quot;classic&quot;,&quot;stretch_section&quot;:&quot;section-stretched&quot;}\">\n\t\t\t\t\t\t\t<div class=\"elementor-background-overlay\"><\/div>\n\t\t\t\t\t\t\t<div class=\"elementor-container elementor-column-gap-wider\">\n\t\t\t\t\t<div class=\"elementor-column elementor-col-100 elementor-top-column elementor-element elementor-element-7f90d480\" data-id=\"7f90d480\" data-element_type=\"column\">\n\t\t\t<div class=\"elementor-widget-wrap elementor-element-populated\">\n\t\t\t\t\t\t\t\t<div class=\"elementor-element elementor-element-3a738b2c elementor-widget elementor-widget-spacer\" data-id=\"3a738b2c\" data-element_type=\"widget\" data-widget_type=\"spacer.default\">\n\t\t\t\t<div class=\"elementor-widget-container\">\n\t\t\t<style>\/*! elementor - v3.18.0 - 08-12-2023 *\/\n.elementor-column .elementor-spacer-inner{height:var(--spacer-size)}.e-con{--container-widget-width:100%}.e-con-inner>.elementor-widget-spacer,.e-con>.elementor-widget-spacer{width:var(--container-widget-width,var(--spacer-size));--align-self:var(--container-widget-align-self,initial);--flex-shrink:0}.e-con-inner>.elementor-widget-spacer>.elementor-widget-container,.e-con>.elementor-widget-spacer>.elementor-widget-container{height:100%;width:100%}.e-con-inner>.elementor-widget-spacer>.elementor-widget-container>.elementor-spacer,.e-con>.elementor-widget-spacer>.elementor-widget-container>.elementor-spacer{height:100%}.e-con-inner>.elementor-widget-spacer>.elementor-widget-container>.elementor-spacer>.elementor-spacer-inner,.e-con>.elementor-widget-spacer>.elementor-widget-container>.elementor-spacer>.elementor-spacer-inner{height:var(--container-widget-height,var(--spacer-size))}.e-con-inner>.elementor-widget-spacer.elementor-widget-empty,.e-con>.elementor-widget-spacer.elementor-widget-empty{position:relative;min-height:22px;min-width:22px}.e-con-inner>.elementor-widget-spacer.elementor-widget-empty .elementor-widget-empty-icon,.e-con>.elementor-widget-spacer.elementor-widget-empty .elementor-widget-empty-icon{position:absolute;top:0;bottom:0;left:0;right:0;margin:auto;padding:0;width:22px;height:22px}<\/style>\t\t<div class=\"elementor-spacer\">\n\t\t\t<div class=\"elementor-spacer-inner\"><\/div>\n\t\t<\/div>\n\t\t\t\t<\/div>\n\t\t\t\t<\/div>\n\t\t\t\t\t<\/div>\n\t\t<\/div>\n\t\t\t\t\t\t\t<\/div>\n\t\t<\/section>\n\t\t\t\t<section class=\"elementor-section elementor-top-section elementor-element elementor-element-7cba6dd0 elementor-section-boxed elementor-section-height-default elementor-section-height-default\" data-id=\"7cba6dd0\" data-element_type=\"section\">\n\t\t\t\t\t\t<div class=\"elementor-container elementor-column-gap-default\">\n\t\t\t\t\t<div class=\"elementor-column elementor-col-100 elementor-top-column elementor-element elementor-element-542ad3bf\" data-id=\"542ad3bf\" data-element_type=\"column\">\n\t\t\t<div class=\"elementor-widget-wrap elementor-element-populated\">\n\t\t\t\t\t\t\t\t<div class=\"elementor-element elementor-element-1560f63 elementor-invisible elementor-widget elementor-widget-heading\" data-id=\"1560f63\" data-element_type=\"widget\" data-settings=\"{&quot;_animation&quot;:&quot;fadeIn&quot;}\" data-widget_type=\"heading.default\">\n\t\t\t\t<div class=\"elementor-widget-container\">\n\t\t\t<h2 class=\"elementor-heading-title elementor-size-default\">1. Cleaning and Maintenance<\/h2>\t\t<\/div>\n\t\t\t\t<\/div>\n\t\t\t\t<div class=\"elementor-element elementor-element-2db14ae0 elementor-invisible elementor-widget elementor-widget-text-editor\" data-id=\"2db14ae0\" data-element_type=\"widget\" data-settings=\"{&quot;_animation&quot;:&quot;fadeIn&quot;}\" data-widget_type=\"text-editor.default\">\n\t\t\t\t<div class=\"elementor-widget-container\">\n\t\t\t\t\t\t\t<p>A gentle cleaning is necessary to keep the bracelet always looking like new. Use a soft microfiber cloth or a small soft brush to gently remove dirt. Avoid sharp objects or abrasive materials to avoid scratching the surface of the jewelry.<\/p>\t\t\t\t\t\t<\/div>\n\t\t\t\t<\/div>\n\t\t\t\t<div class=\"elementor-element elementor-element-6f4b9725 title-divider elementor-widget-divider--view-line elementor-widget elementor-widget-divider\" data-id=\"6f4b9725\" data-element_type=\"widget\" data-widget_type=\"divider.default\">\n\t\t\t\t<div class=\"elementor-widget-container\">\n\t\t\t\t\t<div class=\"elementor-divider\">\n\t\t\t<span class=\"elementor-divider-separator\">\n\t\t\t\t\t\t<\/span>\n\t\t<\/div>\n\t\t\t\t<\/div>\n\t\t\t\t<\/div>\n\t\t\t\t\t<\/div>\n\t\t<\/div>\n\t\t\t\t\t\t\t<\/div>\n\t\t<\/section>\n\t\t\t\t<section class=\"elementor-section elementor-top-section elementor-element elementor-element-9346f47 elementor-section-boxed elementor-section-height-default elementor-section-height-default\" data-id=\"9346f47\" data-element_type=\"section\">\n\t\t\t\t\t\t<div class=\"elementor-container elementor-column-gap-default\">\n\t\t\t\t\t<div class=\"elementor-column elementor-col-100 elementor-top-column elementor-element elementor-element-b0c91c2\" data-id=\"b0c91c2\" data-element_type=\"column\">\n\t\t\t<div class=\"elementor-widget-wrap elementor-element-populated\">\n\t\t\t\t\t\t\t\t<div class=\"elementor-element elementor-element-51ae613 elementor-invisible elementor-widget elementor-widget-heading\" data-id=\"51ae613\" data-element_type=\"widget\" data-settings=\"{&quot;_animation&quot;:&quot;fadeIn&quot;}\" data-widget_type=\"heading.default\">\n\t\t\t\t<div class=\"elementor-widget-container\">\n\t\t\t<h2 class=\"elementor-heading-title elementor-size-default\">2. Avoid Bumps While Wearing Jewelry<\/h2>\t\t<\/div>\n\t\t\t\t<\/div>\n\t\t\t\t<div class=\"elementor-element elementor-element-43f3cb4 elementor-invisible elementor-widget elementor-widget-text-editor\" data-id=\"43f3cb4\" data-element_type=\"widget\" data-settings=\"{&quot;_animation&quot;:&quot;fadeIn&quot;}\" data-widget_type=\"text-editor.default\">\n\t\t\t\t<div class=\"elementor-widget-container\">\n\t\t\t\t\t\t\t<p>Avoid direct sunlight and heat, as these can damage the jewelry in the long term.<\/p>\t\t\t\t\t\t<\/div>\n\t\t\t\t<\/div>\n\t\t\t\t<div class=\"elementor-element elementor-element-9f610f1 title-divider elementor-widget-divider--view-line elementor-widget elementor-widget-divider\" data-id=\"9f610f1\" data-element_type=\"widget\" data-widget_type=\"divider.default\">\n\t\t\t\t<div class=\"elementor-widget-container\">\n\t\t\t\t\t<div class=\"elementor-divider\">\n\t\t\t<span class=\"elementor-divider-separator\">\n\t\t\t\t\t\t<\/span>\n\t\t<\/div>\n\t\t\t\t<\/div>\n\t\t\t\t<\/div>\n\t\t\t\t\t<\/div>\n\t\t<\/div>\n\t\t\t\t\t\t\t<\/div>\n\t\t<\/section>\n\t\t\t\t<section class=\"elementor-section elementor-top-section elementor-element elementor-element-93a446b elementor-section-boxed elementor-section-height-default elementor-section-height-default\" data-id=\"93a446b\" data-element_type=\"section\">\n\t\t\t\t\t\t<div class=\"elementor-container elementor-column-gap-default\">\n\t\t\t\t\t<div class=\"elementor-column elementor-col-100 elementor-top-column elementor-element elementor-element-dfbfb9a\" data-id=\"dfbfb9a\" data-element_type=\"column\">\n\t\t\t<div class=\"elementor-widget-wrap elementor-element-populated\">\n\t\t\t\t\t\t\t\t<div class=\"elementor-element elementor-element-0c7f5c8 elementor-invisible elementor-widget elementor-widget-heading\" data-id=\"0c7f5c8\" data-element_type=\"widget\" data-settings=\"{&quot;_animation&quot;:&quot;fadeIn&quot;}\" data-widget_type=\"heading.default\">\n\t\t\t\t<div class=\"elementor-widget-container\">\n\t\t\t<h2 class=\"elementor-heading-title elementor-size-default\">3. Gentle Contact with Chemicals<\/h2>\t\t<\/div>\n\t\t\t\t<\/div>\n\t\t\t\t<div class=\"elementor-element elementor-element-b01ce2c elementor-invisible elementor-widget elementor-widget-text-editor\" data-id=\"b01ce2c\" data-element_type=\"widget\" data-settings=\"{&quot;_animation&quot;:&quot;fadeIn&quot;}\" data-widget_type=\"text-editor.default\">\n\t\t\t\t<div class=\"elementor-widget-container\">\n\t\t\t\t\t\t\t<p>Avoid direct contact of the eternity bracelet with household chemicals, as these may damage its surface.\u00a0<\/p>\t\t\t\t\t\t<\/div>\n\t\t\t\t<\/div>\n\t\t\t\t<div class=\"elementor-element elementor-element-3c6c810 title-divider elementor-widget-divider--view-line elementor-widget elementor-widget-divider\" data-id=\"3c6c810\" data-element_type=\"widget\" data-widget_type=\"divider.default\">\n\t\t\t\t<div class=\"elementor-widget-container\">\n\t\t\t\t\t<div class=\"elementor-divider\">\n\t\t\t<span class=\"elementor-divider-separator\">\n\t\t\t\t\t\t<\/span>\n\t\t<\/div>\n\t\t\t\t<\/div>\n\t\t\t\t<\/div>\n\t\t\t\t\t<\/div>\n\t\t<\/div>\n\t\t\t\t\t\t\t<\/div>\n\t\t<\/section>\n\t\t\t\t<section class=\"elementor-section elementor-top-section elementor-element elementor-element-6bd3591 elementor-section-stretched elementor-section-boxed elementor-section-height-default elementor-section-height-default\" data-id=\"6bd3591\" data-element_type=\"section\" data-settings=\"{&quot;stretch_section&quot;:&quot;section-stretched&quot;}\">\n\t\t\t\t\t\t<div class=\"elementor-container elementor-column-gap-default\">\n\t\t\t\t\t<div class=\"elementor-column elementor-col-100 elementor-top-column elementor-element elementor-element-be32900\" data-id=\"be32900\" data-element_type=\"column\">\n\t\t\t<div class=\"elementor-widget-wrap elementor-element-populated\">\n\t\t\t\t\t\t\t\t<div class=\"elementor-element elementor-element-15a55d8 elementor-invisible elementor-widget elementor-widget-heading\" data-id=\"15a55d8\" data-element_type=\"widget\" data-settings=\"{&quot;_animation&quot;:&quot;fadeIn&quot;}\" data-widget_type=\"heading.default\">\n\t\t\t\t<div class=\"elementor-widget-container\">\n\t\t\t<h2 class=\"elementor-heading-title elementor-size-default\">Take care of your Eternal Bracelet to Shine Forever!<\/h2>\t\t<\/div>\n\t\t\t\t<\/div>\n\t\t\t\t<div class=\"elementor-element elementor-element-189c2b6 elementor-invisible elementor-widget elementor-widget-text-editor\" data-id=\"189c2b6\" data-element_type=\"widget\" data-settings=\"{&quot;_animation&quot;:&quot;fadeIn&quot;}\" data-widget_type=\"text-editor.default\">\n\t\t\t\t<div class=\"elementor-widget-container\">\n\t\t\t\t\t\t\t<p>These bracelets are a keepsake that will last a lifetime and will always look beautiful with proper care. Follow these tips and capture the beauty of your jewelry over time. Make this bracelet not just a piece of jewelry, but an eternal memory for the most important moments.<\/p>\t\t\t\t\t\t<\/div>\n\t\t\t\t<\/div>\n\t\t\t\t\t<\/div>\n\t\t<\/div>\n\t\t\t\t\t\t\t<\/div>\n\t\t<\/section>\n\t\t\t\t\t\t\t<\/div>","protected":false},"excerpt":{"rendered":"<p>Kark\u00f6t\u0151 Gondoz\u00e1sa: Az \u00d6r\u00f6k Sz\u00e9ps\u00e9g Meg\u0151rz\u00e9se Az \u00f6r\u00f6k kark\u00f6t\u0151k nem csup\u00e1n \u00e9kszerek, hanem eml\u00e9kek \u00e9s t\u00f6rt\u00e9netek hordoz\u00f3i. Ahhoz, hogy az \u00e9kszer mindig ragyog\u00f3 \u00e9s makul\u00e1tlan maradjon, fontos n\u00e9h\u00e1ny egyszer\u0171, de hat\u00e9kony gondoz\u00e1si tipp betart\u00e1sa. \u00cdme, n\u00e9h\u00e1ny praktikus tan\u00e1cs a kark\u00f6t\u0151d \u00e9ps\u00e9g\u00e9nek meg\u0151rz\u00e9s\u00e9hez: 1. Tiszt\u00edt\u00e1s \u00e9s Karbantart\u00e1s Gyeng\u00e9d tiszt\u00edt\u00e1sra van sz\u00fcks\u00e9g ahhoz, hogy a kark\u00f6t\u0151 mindig [&hellip;]<\/p>","protected":false},"author":1,"featured_media":0,"parent":0,"menu_order":0,"comment_status":"closed","ping_status":"closed","template":"","meta":{"footnotes":""},"class_list":["post-109","page","type-page","status-publish","hentry","entry"],"yoast_head":"<!-- This site is optimized with the Yoast SEO plugin v21.7 - https:\/\/yoast.com\/wordpress\/plugins\/seo\/ -->\n<title>Kark\u00f6t\u0151 gondoz\u00e1s - Friendship Bracelet<\/title>\n<meta name=\"description\" content=\"Az \u00d6r\u00f6k Sz\u00e9ps\u00e9g Meg\u0151rz\u00e9se. Az \u00f6r\u00f6k kark\u00f6t\u0151k nem csup\u00e1n \u00e9kszerek, hanem eml\u00e9kek \u00e9s t\u00f6rt\u00e9netek hordoz\u00f3i. Ahhoz, hogy az \u00e9kszer mindig ragyog\u00f3..\" \/>\n<meta name=\"robots\" content=\"index, follow, max-snippet:-1, max-image-preview:large, max-video-preview:-1\" \/>\n<link rel=\"canonical\" href=\"https:\/\/friendshipbracelet.hu\/en\/karkoto-gondozas\/\" \/>\n<meta property=\"og:locale\" content=\"en_GB\" \/>\n<meta property=\"og:type\" content=\"article\" \/>\n<meta property=\"og:title\" content=\"Kark\u00f6t\u0151 gondoz\u00e1s - Friendship Bracelet\" \/>\n<meta property=\"og:description\" content=\"Az \u00d6r\u00f6k Sz\u00e9ps\u00e9g Meg\u0151rz\u00e9se. Az \u00f6r\u00f6k kark\u00f6t\u0151k nem csup\u00e1n \u00e9kszerek, hanem eml\u00e9kek \u00e9s t\u00f6rt\u00e9netek hordoz\u00f3i. Ahhoz, hogy az \u00e9kszer mindig ragyog\u00f3..\" \/>\n<meta property=\"og:url\" content=\"https:\/\/friendshipbracelet.hu\/en\/karkoto-gondozas\/\" \/>\n<meta property=\"og:site_name\" content=\"Friendship Bracelet\" \/>\n<meta property=\"article:modified_time\" content=\"2023-12-07T21:32:03+00:00\" \/>\n<meta name=\"twitter:card\" content=\"summary_large_image\" \/>\n<meta name=\"twitter:label1\" content=\"Estimated reading time\" \/>\n\t<meta name=\"twitter:data1\" content=\"1 minute\" \/>\n<script type=\"application\/ld+json\" class=\"yoast-schema-graph\">{\"@context\":\"https:\/\/schema.org\",\"@graph\":[{\"@type\":\"WebPage\",\"@id\":\"https:\/\/friendshipbracelet.hu\/karkoto-gondozas\/\",\"url\":\"https:\/\/friendshipbracelet.hu\/karkoto-gondozas\/\",\"name\":\"Kark\u00f6t\u0151 gondoz\u00e1s - Friendship Bracelet\",\"isPartOf\":{\"@id\":\"https:\/\/friendshipbracelet.hu\/#website\"},\"datePublished\":\"2023-11-26T12:02:51+00:00\",\"dateModified\":\"2023-12-07T21:32:03+00:00\",\"description\":\"Az \u00d6r\u00f6k Sz\u00e9ps\u00e9g Meg\u0151rz\u00e9se. Az \u00f6r\u00f6k kark\u00f6t\u0151k nem csup\u00e1n \u00e9kszerek, hanem eml\u00e9kek \u00e9s t\u00f6rt\u00e9netek hordoz\u00f3i. Ahhoz, hogy az \u00e9kszer mindig ragyog\u00f3..\",\"breadcrumb\":{\"@id\":\"https:\/\/friendshipbracelet.hu\/karkoto-gondozas\/#breadcrumb\"},\"inLanguage\":\"en-GB\",\"potentialAction\":[{\"@type\":\"ReadAction\",\"target\":[\"https:\/\/friendshipbracelet.hu\/karkoto-gondozas\/\"]}]},{\"@type\":\"BreadcrumbList\",\"@id\":\"https:\/\/friendshipbracelet.hu\/karkoto-gondozas\/#breadcrumb\",\"itemListElement\":[{\"@type\":\"ListItem\",\"position\":1,\"name\":\"Home\",\"item\":\"https:\/\/friendshipbracelet.hu\/\"},{\"@type\":\"ListItem\",\"position\":2,\"name\":\"Kark\u00f6t\u0151 gondoz\u00e1s\"}]},{\"@type\":\"WebSite\",\"@id\":\"https:\/\/friendshipbracelet.hu\/#website\",\"url\":\"https:\/\/friendshipbracelet.hu\/\",\"name\":\"Friendship Bracelet\",\"description\":\"\u00d6r\u00f6k kark\u00f6t\u0151\",\"potentialAction\":[{\"@type\":\"SearchAction\",\"target\":{\"@type\":\"EntryPoint\",\"urlTemplate\":\"https:\/\/friendshipbracelet.hu\/?s={search_term_string}\"},\"query-input\":\"required name=search_term_string\"}],\"inLanguage\":\"en-GB\"}]}<\/script>\n<!-- \/ Yoast SEO plugin. -->","yoast_head_json":{"title":"Kark\u00f6t\u0151 gondoz\u00e1s - Friendship Bracelet","description":"Az \u00d6r\u00f6k Sz\u00e9ps\u00e9g Meg\u0151rz\u00e9se. Az \u00f6r\u00f6k kark\u00f6t\u0151k nem csup\u00e1n \u00e9kszerek, hanem eml\u00e9kek \u00e9s t\u00f6rt\u00e9netek hordoz\u00f3i. Ahhoz, hogy az \u00e9kszer mindig ragyog\u00f3..","robots":{"index":"index","follow":"follow","max-snippet":"max-snippet:-1","max-image-preview":"max-image-preview:large","max-video-preview":"max-video-preview:-1"},"canonical":"https:\/\/friendshipbracelet.hu\/en\/karkoto-gondozas\/","og_locale":"en_GB","og_type":"article","og_title":"Kark\u00f6t\u0151 gondoz\u00e1s - Friendship Bracelet","og_description":"Az \u00d6r\u00f6k Sz\u00e9ps\u00e9g Meg\u0151rz\u00e9se. Az \u00f6r\u00f6k kark\u00f6t\u0151k nem csup\u00e1n \u00e9kszerek, hanem eml\u00e9kek \u00e9s t\u00f6rt\u00e9netek hordoz\u00f3i. Ahhoz, hogy az \u00e9kszer mindig ragyog\u00f3..","og_url":"https:\/\/friendshipbracelet.hu\/en\/karkoto-gondozas\/","og_site_name":"Friendship Bracelet","article_modified_time":"2023-12-07T21:32:03+00:00","twitter_card":"summary_large_image","twitter_misc":{"Estimated reading time":"1 minute"},"schema":{"@context":"https:\/\/schema.org","@graph":[{"@type":"WebPage","@id":"https:\/\/friendshipbracelet.hu\/karkoto-gondozas\/","url":"https:\/\/friendshipbracelet.hu\/karkoto-gondozas\/","name":"Kark\u00f6t\u0151 gondoz\u00e1s - Friendship Bracelet","isPartOf":{"@id":"https:\/\/friendshipbracelet.hu\/#website"},"datePublished":"2023-11-26T12:02:51+00:00","dateModified":"2023-12-07T21:32:03+00:00","description":"Az \u00d6r\u00f6k Sz\u00e9ps\u00e9g Meg\u0151rz\u00e9se. Az \u00f6r\u00f6k kark\u00f6t\u0151k nem csup\u00e1n \u00e9kszerek, hanem eml\u00e9kek \u00e9s t\u00f6rt\u00e9netek hordoz\u00f3i. Ahhoz, hogy az \u00e9kszer mindig ragyog\u00f3..","breadcrumb":{"@id":"https:\/\/friendshipbracelet.hu\/karkoto-gondozas\/#breadcrumb"},"inLanguage":"en-GB","potentialAction":[{"@type":"ReadAction","target":["https:\/\/friendshipbracelet.hu\/karkoto-gondozas\/"]}]},{"@type":"BreadcrumbList","@id":"https:\/\/friendshipbracelet.hu\/karkoto-gondozas\/#breadcrumb","itemListElement":[{"@type":"ListItem","position":1,"name":"Home","item":"https:\/\/friendshipbracelet.hu\/"},{"@type":"ListItem","position":2,"name":"Kark\u00f6t\u0151 gondoz\u00e1s"}]},{"@type":"WebSite","@id":"https:\/\/friendshipbracelet.hu\/#website","url":"https:\/\/friendshipbracelet.hu\/","name":"Friendship Bracelet","description":"\u00d6r\u00f6k kark\u00f6t\u0151","potentialAction":[{"@type":"SearchAction","target":{"@type":"EntryPoint","urlTemplate":"https:\/\/friendshipbracelet.hu\/?s={search_term_string}"},"query-input":"required name=search_term_string"}],"inLanguage":"en-GB"}]}},"_links":{"self":[{"href":"https:\/\/friendshipbracelet.hu\/en\/wp-json\/wp\/v2\/pages\/109","targetHints":{"allow":["GET"]}}],"collection":[{"href":"https:\/\/friendshipbracelet.hu\/en\/wp-json\/wp\/v2\/pages"}],"about":[{"href":"https:\/\/friendshipbracelet.hu\/en\/wp-json\/wp\/v2\/types\/page"}],"author":[{"embeddable":true,"href":"https:\/\/friendshipbracelet.hu\/en\/wp-json\/wp\/v2\/users\/1"}],"replies":[{"embeddable":true,"href":"https:\/\/friendshipbracelet.hu\/en\/wp-json\/wp\/v2\/comments?post=109"}],"version-history":[{"count":23,"href":"https:\/\/friendshipbracelet.hu\/en\/wp-json\/wp\/v2\/pages\/109\/revisions"}],"predecessor-version":[{"id":677,"href":"https:\/\/friendshipbracelet.hu\/en\/wp-json\/wp\/v2\/pages\/109\/revisions\/677"}],"wp:attachment":[{"href":"https:\/\/friendshipbracelet.hu\/en\/wp-json\/wp\/v2\/media?parent=109"}],"curies":[{"name":"wp","href":"https:\/\/api.w.org\/{rel}","templated":true}]}}