{"id":379,"date":"2023-12-01T21:22:02","date_gmt":"2023-12-01T21:22:02","guid":{"rendered":"https:\/\/friendshipbracelet.hu\/?page_id=379"},"modified":"2023-12-07T21:21:59","modified_gmt":"2023-12-07T21:21:59","slug":"foglalasi-szabalyzat","status":"publish","type":"page","link":"https:\/\/friendshipbracelet.hu\/en\/foglalasi-szabalyzat\/","title":{"rendered":"Foglal\u00e1si Szab\u00e1lyzat"},"content":{"rendered":"<p style=\"text-align: center;\"><strong>Kedves \u00faj vagy visszat\u00e9r\u0151 vend\u00e9g\u00fcnk!<\/strong><\/p>\n<p>Izgatottan v\u00e1rjuk m\u00e1r, hogy ell\u00e1togass hozz\u00e1nk az \u00d6r\u00f6k \u00c9kszer st\u00fadi\u00f3nkba. Ugyanakkor, miel\u0151tt m\u00e9g lefoglalod az id\u0151pontodat az al\u00e1bbi t\u00e1j\u00e9koztat\u00f3t \u00e9s szab\u00e1lyzatot fusd \u00e1t gyorsan, mivel minden k\u00e9rd\u00e9sedre v\u00e1laszt kaphatsz bel\u0151le, illetve elker\u00fclhet\u0151ek lesznek a k\u00e9s\u0151bbi f\u00e9lre\u00e9rt\u00e9sek.<\/p>\n<p>&nbsp;<\/p>\n<p><strong>\u00c1ltal\u00e1nos id\u0151pontfoglal\u00e1si szab\u00e1lyok:<\/strong><\/p>\n<p>Az id\u0151pontfoglal\u00f3 haszn\u00e1lat\u00e1val elfogadottnak tekinted jelen foglal\u00e1si szab\u00e1lyzatban megfogalmazott felt\u00e9teleket.<\/p>\n<p>Foglal\u00e1sod csak abban az esetben v\u00e1lik \u00e9rv\u00e9nyess\u00e9, ha a visszaigazol\u00f3 emailt megkaptad a Salonic rendszer\u00e9n kereszt\u00fcl. Ha nem \u00e9rkezett visszaigazol\u00f3 email (spam mapp\u00e1ba sem), akkor k\u00e9rlek vedd fel vel\u00fcnk a kapcsolatot (+36 30 3544634)!<\/p>\n<p>Az oldalunkon az \u00e1rak t\u00e1j\u00e9koztat\u00f3 jelleg\u0171ek. Bizonyos l\u00e1ncok, charmok, kedvezm\u00e9nyek sor\u00e1n az \u00e1r meghat\u00e1roz\u00e1sa a szolg\u00e1ltat\u00e1s ny\u00fajt\u00e1sa sor\u00e1n ker\u00fclhet v\u00e9gleges\u00edt\u00e9sre.<\/p>\n<p>Tudom\u00e1sul veszed tov\u00e1bb\u00e1 az al\u00e1bbi pontokat, amik az \u00d6r\u00f6k \u00c9kszer felhelyez\u00e9s\u00e9vel \u00e9s visel\u00e9s\u00e9vel kapcsolatosak:<\/p>\n<ul>\n<li>Az \u00d6r\u00f6k \u00c9kszer tart\u00f3ss\u00e1ga f\u00fcgg a k\u00fcls\u0151 behat\u00e1sok m\u00e9rt\u00e9k\u00e9t\u0151l (szaggat\u00e1s, feszeget\u00e9s, s\u00farl\u00f3d\u00e1s\u2026). Ezek v\u00e9kony, ugyanakkor er\u0151s l\u00e1ncok, melyek norm\u00e1lis haszn\u00e1lat mellett \u00e9vekig probl\u00e9ma n\u00e9lk\u00fcl fent tudnak maradni.<\/li>\n<\/ul>\n<ul>\n<li>A l\u00e1ncot elt\u00e1vol\u00edtani orvosi vizsg\u00e1lat vagy egy\u00e9b alkalom miatt egy er\u0151s oll\u00f3 vagy cs\u00edp\u0151fog\u00f3 seg\u00edts\u00e9g\u00e9vel a szerel\u0151karik\u00e1n\u00e1l lehets\u00e9ges. Az els\u0151 \u00fajra hegeszt\u00e9s ingyenes, viszont ut\u00e1na alkalmank\u00e9nt 2.000 Ft (\u00e1rv\u00e1ltoz\u00e1s jog\u00e1t fenntartjuk).<\/li>\n<\/ul>\n<ul>\n<li>A tiszt\u00edt\u00f3kend\u0151 haszn\u00e1lata \u00e1ltal, (melyet az id\u0151pont ut\u00e1n adunk) a l\u00e1ncot esetleges fakul\u00e1s miatt \u00fajra lehet f\u00e9nyes\u00edteni \u2013 minimum havonta 1x javasolt \u00e1tt\u00f6r\u00f6lni.<\/li>\n<\/ul>\n<ul>\n<li>Hegeszt\u00e9si probl\u00e9ma eset\u00e9n a l\u00e1nc egy darabban t\u00f6rt\u00e9n\u0151 visszaszolg\u00e1ltat\u00e1sa eset\u00e9n ingyenesen jav\u00edtjuk.<\/li>\n<\/ul>\n<ul>\n<li>60 nap garancia van a hegeszt\u00e9sre a l\u00e1nc rendeltet\u00e9sszer\u0171 haszn\u00e1lata mellett. Ha a 2 h\u00f3napon bel\u00fcl valamilyen m\u00f3don a l\u00e1nc elveszik vagy olyan m\u00f3don s\u00e9r\u00fcl, ami nem tartozik bele a \u201enorm\u00e1lis haszn\u00e1latba\u201d, akkor ilyen esetben nem lehets\u00e9ges ingyenesen jav\u00edtani, viszont egyedi elb\u00edr\u00e1l\u00e1s alapj\u00e1n nagy m\u00e9rt\u00e9k\u0171 kedvezm\u00e9ny vehet\u0151 ig\u00e9nybe egy \u00faj l\u00e1ncra.<\/li>\n<\/ul>\n<ul>\n<li>Term\u00e1lv\u00edz eset\u00e9n a l\u00e1ncok oxid\u00e1l\u00f3dhatnak, \u00edgy javasoljuk a ker\u00fcl\u00e9s\u00e9t ezeknek a f\u00fcrd\u0151knek. Els\u0151 alkalommal ingyenesen megtiszt\u00edtjuk a l\u00e1ncot, ha visszahozod, viszont ut\u00e1na minden egyes tiszt\u00edt\u00e1si \u00e9s \u00fajrahegeszt\u00e9si alakom 5.000 Ft (\u00e1rv\u00e1ltoztat\u00e1s jog\u00e1t fenntartjuk).<\/li>\n<\/ul>\n<p><strong>Id\u0151pont \u00e9rtes\u00edt\u00e9s:<\/strong><\/p>\n<p>Sikeres foglal\u00e1s eset\u00e9n a rendszer\u00fcnk k\u00fcld majd neked az id\u0151pontod el\u0151tt 25 \u00f3r\u00e1val e-mailben eml\u00e9keztet\u0151t, illetve 2 \u00f3r\u00e1val az id\u0151pontod el\u0151tt egy sms eml\u00e9keztet\u0151t is. Azonnal be is tudod tenni az Google vagy Apple napt\u00e1radba az id\u0151pontot a visszaigazol\u00f3 lev\u00e9lben k\u00fcld\u00f6tt linkekre kattintva.<\/p>\n<p><strong>Ha k\u00e9sn\u00e9l:<\/strong><\/p>\n<p>Az id\u0151 fontos sz\u00e1munkra is, hiszen T\u00e9ged sem szeretn\u00e9nk megv\u00e1rakoztatni. Abban az esetben, ha k\u00e9s\u00e9sben vagy, k\u00e9rj\u00fck ezt jelezd fel\u00e9nk mihamarabb telefonon, hogy id\u0151ben tudjunk r\u00f3la. 5-10 percen bel\u00fcl \u00fcgyesek vagyunk, megoldjuk!<\/p>\n<p>T\u00f6bb, mint 10 perces k\u00e9s\u00e9s eset\u00e9n a fennmaradt id\u0151t tudjuk sz\u00e1modra biztos\u00edtani. Viszont van lehet\u0151s\u00e9g bev\u00e1rni az ut\u00e1nad k\u00f6vetkez\u0151 vend\u00e9get \u00e9s b\u00edzni benne, hogy \u0151k kor\u00e1bban \u00e9rkeznek, \u00edgy 10-20 perc v\u00e1rakoz\u00e1s ut\u00e1n, rohan\u00e1s n\u00e9lk\u00fcl neked is el tudjuk k\u00e9sz\u00edteni a l\u00e1ncokat olyan kiszolg\u00e1l\u00e1si min\u0151s\u00e9gben, ahogyan azt meg\u00e9rdemled.<\/p>\n<p><strong>Ha szeretn\u00e9l id\u0151pont t\u00f6r\u00f6lni vagy m\u00f3dos\u00edtani:<\/strong><\/p>\n<p>Mindenkivel el\u0151fordul, hogy k\u00f6zbej\u00f6n valami. Ha lemondan\u00e1d vagy m\u00f3dos\u00edtan\u00e1d az el\u0151re lefoglalt id\u0151pontodat, k\u00e9rj\u00fck legal\u00e1bb 24 \u00f3r\u00e1val a szolg\u00e1ltat\u00e1s megkezd\u00e9se el\u0151tt a meger\u0151s\u00edt\u0151 e-mailben kapott linken tedd meg (vagy telefonon, ha nem tal\u00e1lod a linket). 24 \u00f3r\u00e1n bel\u00fcli lemond\u00e1s vagy m\u00f3dos\u00edt\u00e1s eset\u00e9n fenntartjuk a jogot, hogy a szolg\u00e1ltat\u00e1s teljes \u00e1r\u00e1nak 50%-\u00e1t lemond\u00e1si d\u00edjk\u00e9nt felsz\u00e1moljuk.<\/p>\n<p><strong>Ha esetleg nem jelenn\u00e9l meg a lefoglalt id\u0151pontban:<\/strong><\/p>\n<p>Ha az \u00e1ltalad lefoglalt id\u0151pontban nem jelensz meg \u00e9s ezt nem jelzed fel\u00e9nk \u00e9s nem tudunk mi sem el\u00e9rni, akkor sajnos nem \u00e1ll m\u00f3dunkban a tov\u00e1bbiakban id\u0151pontot kiaj\u00e1nlani neked, csak abban az esetben, ha a legut\u00f3bb elmulasztott szolg\u00e1ltat\u00e1s \u00e9rt\u00e9k\u00e9nek 50%-\u00e1t megt\u00e9r\u00edted fel\u00e9nk.<\/p>\n<p><strong>K\u00fcl\u00f6nleges\u00a0id\u0151pontfoglal\u00e1si lehet\u0151s\u00e9g:<\/strong><\/p>\n<p>Speci\u00e1lis esetben lehet\u0151s\u00e9g van munkaid\u0151n k\u00edv\u00fcli vagy napk\u00f6zbeni extra id\u0151pontfoglal\u00e1sra. Ezeket minimum 20%-os fel\u00e1rral tudjuk elv\u00e9gezni. Ezeket telefonon vagy e-mailben tudod egyeztetni.<\/p>","protected":false},"excerpt":{"rendered":"<p>Kedves \u00faj vagy visszat\u00e9r\u0151 vend\u00e9g\u00fcnk! Izgatottan v\u00e1rjuk m\u00e1r, hogy ell\u00e1togass hozz\u00e1nk az \u00d6r\u00f6k \u00c9kszer st\u00fadi\u00f3nkba. Ugyanakkor, miel\u0151tt m\u00e9g lefoglalod az id\u0151pontodat az al\u00e1bbi t\u00e1j\u00e9koztat\u00f3t \u00e9s szab\u00e1lyzatot fusd \u00e1t gyorsan, mivel minden k\u00e9rd\u00e9sedre v\u00e1laszt kaphatsz bel\u0151le, illetve elker\u00fclhet\u0151ek lesznek a k\u00e9s\u0151bbi f\u00e9lre\u00e9rt\u00e9sek. &nbsp; \u00c1ltal\u00e1nos id\u0151pontfoglal\u00e1si szab\u00e1lyok: Az id\u0151pontfoglal\u00f3 haszn\u00e1lat\u00e1val elfogadottnak tekinted jelen foglal\u00e1si szab\u00e1lyzatban megfogalmazott felt\u00e9teleket. [&hellip;]<\/p>","protected":false},"author":1,"featured_media":0,"parent":0,"menu_order":0,"comment_status":"closed","ping_status":"closed","template":"","meta":{"footnotes":""},"class_list":["post-379","page","type-page","status-publish","hentry","entry"],"yoast_head":"<!-- This site is optimized with the Yoast SEO plugin v21.7 - https:\/\/yoast.com\/wordpress\/plugins\/seo\/ -->\n<title>Foglal\u00e1si Szab\u00e1lyzat - Friendship Bracelet<\/title>\n<meta name=\"description\" content=\"Az id\u0151pontfoglal\u00f3 haszn\u00e1lat\u00e1val elfogadottnak tekinted jelen foglal\u00e1si szab\u00e1lyzatban megfogalmazott felt\u00e9teleket.\" \/>\n<meta name=\"robots\" content=\"index, follow, max-snippet:-1, max-image-preview:large, max-video-preview:-1\" \/>\n<link rel=\"canonical\" href=\"https:\/\/friendshipbracelet.hu\/en\/foglalasi-szabalyzat\/\" \/>\n<meta property=\"og:locale\" content=\"en_GB\" \/>\n<meta property=\"og:type\" content=\"article\" \/>\n<meta property=\"og:title\" content=\"Foglal\u00e1si Szab\u00e1lyzat - Friendship Bracelet\" \/>\n<meta property=\"og:description\" content=\"Az id\u0151pontfoglal\u00f3 haszn\u00e1lat\u00e1val elfogadottnak tekinted jelen foglal\u00e1si szab\u00e1lyzatban megfogalmazott felt\u00e9teleket.\" \/>\n<meta property=\"og:url\" content=\"https:\/\/friendshipbracelet.hu\/en\/foglalasi-szabalyzat\/\" \/>\n<meta property=\"og:site_name\" content=\"Friendship Bracelet\" \/>\n<meta property=\"article:modified_time\" content=\"2023-12-07T21:21:59+00:00\" \/>\n<meta name=\"twitter:card\" content=\"summary_large_image\" \/>\n<meta name=\"twitter:label1\" content=\"Estimated reading time\" \/>\n\t<meta name=\"twitter:data1\" content=\"4 minutes\" \/>\n<script type=\"application\/ld+json\" class=\"yoast-schema-graph\">{\"@context\":\"https:\/\/schema.org\",\"@graph\":[{\"@type\":\"WebPage\",\"@id\":\"https:\/\/friendshipbracelet.hu\/foglalasi-szabalyzat\/\",\"url\":\"https:\/\/friendshipbracelet.hu\/foglalasi-szabalyzat\/\",\"name\":\"Foglal\u00e1si Szab\u00e1lyzat - Friendship Bracelet\",\"isPartOf\":{\"@id\":\"https:\/\/friendshipbracelet.hu\/#website\"},\"datePublished\":\"2023-12-01T21:22:02+00:00\",\"dateModified\":\"2023-12-07T21:21:59+00:00\",\"description\":\"Az id\u0151pontfoglal\u00f3 haszn\u00e1lat\u00e1val elfogadottnak tekinted jelen foglal\u00e1si szab\u00e1lyzatban megfogalmazott felt\u00e9teleket.\",\"breadcrumb\":{\"@id\":\"https:\/\/friendshipbracelet.hu\/foglalasi-szabalyzat\/#breadcrumb\"},\"inLanguage\":\"en-GB\",\"potentialAction\":[{\"@type\":\"ReadAction\",\"target\":[\"https:\/\/friendshipbracelet.hu\/foglalasi-szabalyzat\/\"]}]},{\"@type\":\"BreadcrumbList\",\"@id\":\"https:\/\/friendshipbracelet.hu\/foglalasi-szabalyzat\/#breadcrumb\",\"itemListElement\":[{\"@type\":\"ListItem\",\"position\":1,\"name\":\"Home\",\"item\":\"https:\/\/friendshipbracelet.hu\/\"},{\"@type\":\"ListItem\",\"position\":2,\"name\":\"Foglal\u00e1si Szab\u00e1lyzat\"}]},{\"@type\":\"WebSite\",\"@id\":\"https:\/\/friendshipbracelet.hu\/#website\",\"url\":\"https:\/\/friendshipbracelet.hu\/\",\"name\":\"Friendship Bracelet\",\"description\":\"\u00d6r\u00f6k kark\u00f6t\u0151\",\"potentialAction\":[{\"@type\":\"SearchAction\",\"target\":{\"@type\":\"EntryPoint\",\"urlTemplate\":\"https:\/\/friendshipbracelet.hu\/?s={search_term_string}\"},\"query-input\":\"required name=search_term_string\"}],\"inLanguage\":\"en-GB\"}]}<\/script>\n<!-- \/ Yoast SEO plugin. -->","yoast_head_json":{"title":"Foglal\u00e1si Szab\u00e1lyzat - Friendship Bracelet","description":"Az id\u0151pontfoglal\u00f3 haszn\u00e1lat\u00e1val elfogadottnak tekinted jelen foglal\u00e1si szab\u00e1lyzatban megfogalmazott felt\u00e9teleket.","robots":{"index":"index","follow":"follow","max-snippet":"max-snippet:-1","max-image-preview":"max-image-preview:large","max-video-preview":"max-video-preview:-1"},"canonical":"https:\/\/friendshipbracelet.hu\/en\/foglalasi-szabalyzat\/","og_locale":"en_GB","og_type":"article","og_title":"Foglal\u00e1si Szab\u00e1lyzat - Friendship Bracelet","og_description":"Az id\u0151pontfoglal\u00f3 haszn\u00e1lat\u00e1val elfogadottnak tekinted jelen foglal\u00e1si szab\u00e1lyzatban megfogalmazott felt\u00e9teleket.","og_url":"https:\/\/friendshipbracelet.hu\/en\/foglalasi-szabalyzat\/","og_site_name":"Friendship Bracelet","article_modified_time":"2023-12-07T21:21:59+00:00","twitter_card":"summary_large_image","twitter_misc":{"Estimated reading time":"4 minutes"},"schema":{"@context":"https:\/\/schema.org","@graph":[{"@type":"WebPage","@id":"https:\/\/friendshipbracelet.hu\/foglalasi-szabalyzat\/","url":"https:\/\/friendshipbracelet.hu\/foglalasi-szabalyzat\/","name":"Foglal\u00e1si Szab\u00e1lyzat - Friendship Bracelet","isPartOf":{"@id":"https:\/\/friendshipbracelet.hu\/#website"},"datePublished":"2023-12-01T21:22:02+00:00","dateModified":"2023-12-07T21:21:59+00:00","description":"Az id\u0151pontfoglal\u00f3 haszn\u00e1lat\u00e1val elfogadottnak tekinted jelen foglal\u00e1si szab\u00e1lyzatban megfogalmazott felt\u00e9teleket.","breadcrumb":{"@id":"https:\/\/friendshipbracelet.hu\/foglalasi-szabalyzat\/#breadcrumb"},"inLanguage":"en-GB","potentialAction":[{"@type":"ReadAction","target":["https:\/\/friendshipbracelet.hu\/foglalasi-szabalyzat\/"]}]},{"@type":"BreadcrumbList","@id":"https:\/\/friendshipbracelet.hu\/foglalasi-szabalyzat\/#breadcrumb","itemListElement":[{"@type":"ListItem","position":1,"name":"Home","item":"https:\/\/friendshipbracelet.hu\/"},{"@type":"ListItem","position":2,"name":"Foglal\u00e1si Szab\u00e1lyzat"}]},{"@type":"WebSite","@id":"https:\/\/friendshipbracelet.hu\/#website","url":"https:\/\/friendshipbracelet.hu\/","name":"Friendship Bracelet","description":"\u00d6r\u00f6k kark\u00f6t\u0151","potentialAction":[{"@type":"SearchAction","target":{"@type":"EntryPoint","urlTemplate":"https:\/\/friendshipbracelet.hu\/?s={search_term_string}"},"query-input":"required name=search_term_string"}],"inLanguage":"en-GB"}]}},"_links":{"self":[{"href":"https:\/\/friendshipbracelet.hu\/en\/wp-json\/wp\/v2\/pages\/379","targetHints":{"allow":["GET"]}}],"collection":[{"href":"https:\/\/friendshipbracelet.hu\/en\/wp-json\/wp\/v2\/pages"}],"about":[{"href":"https:\/\/friendshipbracelet.hu\/en\/wp-json\/wp\/v2\/types\/page"}],"author":[{"embeddable":true,"href":"https:\/\/friendshipbracelet.hu\/en\/wp-json\/wp\/v2\/users\/1"}],"replies":[{"embeddable":true,"href":"https:\/\/friendshipbracelet.hu\/en\/wp-json\/wp\/v2\/comments?post=379"}],"version-history":[{"count":4,"href":"https:\/\/friendshipbracelet.hu\/en\/wp-json\/wp\/v2\/pages\/379\/revisions"}],"predecessor-version":[{"id":449,"href":"https:\/\/friendshipbracelet.hu\/en\/wp-json\/wp\/v2\/pages\/379\/revisions\/449"}],"wp:attachment":[{"href":"https:\/\/friendshipbracelet.hu\/en\/wp-json\/wp\/v2\/media?parent=379"}],"curies":[{"name":"wp","href":"https:\/\/api.w.org\/{rel}","templated":true}]}}